{"id":8,"date":"2020-09-11T14:27:20","date_gmt":"2020-09-11T12:27:20","guid":{"rendered":"http:\/\/samanta-hypnose.ch\/?page_id=8"},"modified":"2025-08-07T12:22:53","modified_gmt":"2025-08-07T10:22:53","slug":"accueil","status":"publish","type":"page","link":"https:\/\/samanta-hypnose.ch\/","title":{"rendered":"Accueil"},"content":{"rendered":"\n<p>Bienvenue sur le site<strong> Attrape R\u00eaves <\/strong><\/p>\n\n\n\n<p>Cabinet d<strong>&lsquo;Hypnoth\u00e9rapie<\/strong> et de <strong>Nutrition<\/strong>. Membre Constituant de l&rsquo;Association des Praticiens en Hypnose (<strong>APH<\/strong>), reconnue comme label de qualit\u00e9 en Suisse Romande.<\/p>\n\n\n\n<p>Au moment d&rsquo;entreprendre une grande affaire, il faut s&rsquo;assurer un bon alli\u00e9.<br>C&rsquo;est pourquoi il est important de conna\u00eetre son th\u00e9rapeute pour instaurer un climat de confiance. C&rsquo;est la raison pour laquelle je vous invite \u00e0 d\u00e9couvrir mon site internet.<\/p>\n\n\n\n<p class=\"has-text-align-left\"><em><strong>Samanta Beck<\/strong><\/em> <\/p>\n\n\n\n<figure class=\"wp-block-image size-large\"><img loading=\"lazy\" decoding=\"async\" width=\"1024\" height=\"1024\" src=\"https:\/\/samanta-hypnose.ch\/wp-content\/uploads\/2025\/08\/Profils-reseaux-sociaux-1-1024x1024.png\" alt=\"\" class=\"wp-image-982\" srcset=\"https:\/\/samanta-hypnose.ch\/wp-content\/uploads\/2025\/08\/Profils-reseaux-sociaux-1-1024x1024.png 1024w, https:\/\/samanta-hypnose.ch\/wp-content\/uploads\/2025\/08\/Profils-reseaux-sociaux-1-300x300.png 300w, https:\/\/samanta-hypnose.ch\/wp-content\/uploads\/2025\/08\/Profils-reseaux-sociaux-1-150x150.png 150w, https:\/\/samanta-hypnose.ch\/wp-content\/uploads\/2025\/08\/Profils-reseaux-sociaux-1-768x768.png 768w, https:\/\/samanta-hypnose.ch\/wp-content\/uploads\/2025\/08\/Profils-reseaux-sociaux-1-1536x1536.png 1536w, https:\/\/samanta-hypnose.ch\/wp-content\/uploads\/2025\/08\/Profils-reseaux-sociaux-1-88x88.png 88w, https:\/\/samanta-hypnose.ch\/wp-content\/uploads\/2025\/08\/Profils-reseaux-sociaux-1-900x900.png 900w, https:\/\/samanta-hypnose.ch\/wp-content\/uploads\/2025\/08\/Profils-reseaux-sociaux-1-1280x1280.png 1280w, https:\/\/samanta-hypnose.ch\/wp-content\/uploads\/2025\/08\/Profils-reseaux-sociaux-1.png 2048w\" sizes=\"auto, (max-width: 1024px) 100vw, 1024px\" \/><\/figure>\n\n\n\n<p class=\"has-large-font-size\">*****************************************************<\/p>\n\n\n\n<h2 class=\"wp-block-heading has-larger-font-size\"><strong>Qu&rsquo;est-ce que l&rsquo;hypnose th\u00e9rapeutique?&nbsp;<\/strong><\/h2>\n\n\n\n<p>Beaucoup de croyances, de questionnements, voire de peurs entourent l\u2019hypnose.<\/p>\n\n\n\n<p>L\u2019hypnose th\u00e9rapeutique agit directement sur le subconscient. Elle donne la possibilit\u00e9 de transformer vos sch\u00e9mas comportementaux et de d\u00e9bloquer certains conditionnements.<\/p>\n\n\n\n<p>On reprogramme notre cerveau dans une autre direction pour d\u00e9clencher les changements utiles \u00e0 la r\u00e9solution d\u2019un probl\u00e8me.<\/p>\n\n\n\n<p>Pour moi, il s\u2019agit surtout d\u2019une approche naturelle, non intrusive, douce et tr\u00e8s efficace.<\/p>\n\n\n<div class=\"wp-block-image is-style-rounded\">\n<figure class=\"aligncenter size-large is-resized\"><img loading=\"lazy\" decoding=\"async\" width=\"1024\" height=\"1024\" src=\"https:\/\/samanta-hypnose.ch\/wp-content\/uploads\/2024\/06\/Profils-reseaux-sociaux-16-1024x1024.png\" alt=\"\" class=\"wp-image-847\" style=\"aspect-ratio:1;width:335px;height:auto\" srcset=\"https:\/\/samanta-hypnose.ch\/wp-content\/uploads\/2024\/06\/Profils-reseaux-sociaux-16-1024x1024.png 1024w, https:\/\/samanta-hypnose.ch\/wp-content\/uploads\/2024\/06\/Profils-reseaux-sociaux-16-300x300.png 300w, https:\/\/samanta-hypnose.ch\/wp-content\/uploads\/2024\/06\/Profils-reseaux-sociaux-16-150x150.png 150w, https:\/\/samanta-hypnose.ch\/wp-content\/uploads\/2024\/06\/Profils-reseaux-sociaux-16-768x768.png 768w, https:\/\/samanta-hypnose.ch\/wp-content\/uploads\/2024\/06\/Profils-reseaux-sociaux-16-1536x1536.png 1536w, https:\/\/samanta-hypnose.ch\/wp-content\/uploads\/2024\/06\/Profils-reseaux-sociaux-16-88x88.png 88w, https:\/\/samanta-hypnose.ch\/wp-content\/uploads\/2024\/06\/Profils-reseaux-sociaux-16-900x900.png 900w, https:\/\/samanta-hypnose.ch\/wp-content\/uploads\/2024\/06\/Profils-reseaux-sociaux-16-1280x1280.png 1280w, https:\/\/samanta-hypnose.ch\/wp-content\/uploads\/2024\/06\/Profils-reseaux-sociaux-16.png 2048w\" sizes=\"auto, (max-width: 1024px) 100vw, 1024px\" \/><\/figure>\n<\/div>\n\n\n<h2 class=\"wp-block-heading has-larger-font-size\"><strong>\u00c0 Pr\u00e9ciser<\/strong> :<\/h2>\n\n\n\n<p>Commen\u00e7ons par pr\u00e9ciser quelques caract\u00e9ristiques de cet \u00e9tat hypnotique :<\/p>\n\n\n\n<ul class=\"wp-block-list\">\n<li>L&rsquo;hypnose n&rsquo;est pas un don mais un \u00e9tat de conscience naturel que l&rsquo;on peut provoquer \u00e0 l&rsquo;aide de techniques et connaissances qui sont \u00e0 la port\u00e9e de tous.<\/li>\n<\/ul>\n\n\n\n<ul class=\"wp-block-list\">\n<li>Tout le monde est r\u00e9ceptif, pour autant qu\u2019il en ait envie. On ne peut pas vous hypnotiser contre votre volont\u00e9.<\/li>\n<\/ul>\n\n\n\n<ul class=\"wp-block-list\">\n<li>Vous ne dormez pas, vous \u00eates d\u00e9tendu mais pleinement conscient.<\/li>\n<\/ul>\n\n\n\n<ul class=\"wp-block-list\">\n<li>Votre libre-arbitre est toujours actif, vous restez ma\u00eetre de tout ce que vous dites ou faites.<\/li>\n<\/ul>\n\n\n\n<ul class=\"wp-block-list\">\n<li>Vous pouvez arr\u00eater la s\u00e9ance \u00e0 tout moment.<\/li>\n<\/ul>\n\n\n\n<h2 class=\"wp-block-heading has-larger-font-size\"><strong>Tout le monde peut-il \u00eatre hypnotis\u00e9 ?<\/strong><\/h2>\n\n\n\n<p>Oui, tout le monde peut \u00eatre hypnotis\u00e9. M\u00eame les enfants. Cela peut sembler surprenant, mais chaque individu exp\u00e9rimente&nbsp;<strong>tr\u00e8s r\u00e9guli\u00e8rement des \u00e9tats hypnotiques.<\/strong>&nbsp;Il s\u2019agit de ces moments de r\u00eaveries o\u00f9 vous perdez l\u2019espace de quelques instants seulement, la notion du temps et des perceptions ext\u00e9rieurs. Cela peut arriver lorsque vous lisez un livre par exemple, ou lorsque vous \u00ab partez \u00bb dans vos pens\u00e9es au feu rouge, ou encore juste avant de vous endormir \u2026. Chacun poss\u00e8de la capacit\u00e9 d\u2019entrer en hypnose, tout le monde est donc en principe hypnotisable.<\/p>\n\n\n\n<p class=\"has-large-font-size\"><strong>Sommes nous tous r\u00e9ceptifs \u00e0 l\u2019hypnose de la m\u00eame mani\u00e8re ?<\/strong><\/p>\n\n\n\n<p>C\u2019est vrai, nous n\u2019avons pas tous le m\u00eame degr\u00e9 de r\u00e9ceptivit\u00e9, et le changement d\u2019\u00e9tat peut prendre plus ou moins de temps, selon les individus et leur capacit\u00e9 \u00e0 se d\u00e9tendre. Pour certains, le l\u00e2cher prise qui suit l\u2019induction (la phase de bascule \u00e0 l\u2019\u00e9tat modifi\u00e9 de conscience) se fera tr\u00e8s rapidement, alors que pour d\u2019autres, la phase de pr\u00e9paration prendra un peu plus de temps, souvent car ils craignent de perdre le contr\u00f4le. Si le sujet ne veut absolument pas l\u00e2cher prise et \u00eatre hypnotis\u00e9, qu\u2019il ne veut surtout pas y croire et refuse de se d\u00e9tendre \u2026 cela risque d\u2019\u00eatre plus difficile ! L\u2019hypnoth\u00e9rapeute ne pourra&nbsp;<strong>jamais imposer une induction \u00e0 son patient,<\/strong>&nbsp;c\u2019est impossible. Il doit s\u2019\u00e9tablir une relation de confiance, et plus le climat est d\u00e9tendu, plus le sujet sera r\u00e9ceptif, plus l\u2019induction sera rapide et le travail efficace.<\/p>\n\n\n<div class=\"wp-block-image is-style-rounded\">\n<figure class=\"aligncenter size-medium is-resized\"><img loading=\"lazy\" decoding=\"async\" width=\"300\" height=\"300\" src=\"https:\/\/samanta-hypnose.ch\/wp-content\/uploads\/2024\/06\/Profils-reseaux-sociaux-18-300x300.png\" alt=\"\" class=\"wp-image-849\" style=\"width:288px;height:auto\" srcset=\"https:\/\/samanta-hypnose.ch\/wp-content\/uploads\/2024\/06\/Profils-reseaux-sociaux-18-300x300.png 300w, https:\/\/samanta-hypnose.ch\/wp-content\/uploads\/2024\/06\/Profils-reseaux-sociaux-18-1024x1024.png 1024w, https:\/\/samanta-hypnose.ch\/wp-content\/uploads\/2024\/06\/Profils-reseaux-sociaux-18-150x150.png 150w, https:\/\/samanta-hypnose.ch\/wp-content\/uploads\/2024\/06\/Profils-reseaux-sociaux-18-768x768.png 768w, https:\/\/samanta-hypnose.ch\/wp-content\/uploads\/2024\/06\/Profils-reseaux-sociaux-18-1536x1536.png 1536w, https:\/\/samanta-hypnose.ch\/wp-content\/uploads\/2024\/06\/Profils-reseaux-sociaux-18-88x88.png 88w, https:\/\/samanta-hypnose.ch\/wp-content\/uploads\/2024\/06\/Profils-reseaux-sociaux-18-900x900.png 900w, https:\/\/samanta-hypnose.ch\/wp-content\/uploads\/2024\/06\/Profils-reseaux-sociaux-18-1280x1280.png 1280w, https:\/\/samanta-hypnose.ch\/wp-content\/uploads\/2024\/06\/Profils-reseaux-sociaux-18.png 2048w\" sizes=\"auto, (max-width: 300px) 100vw, 300px\" \/><\/figure>\n<\/div>\n\n\n<p class=\"has-text-align-left\">***********************************************************************<\/p>\n\n\n<div class=\"wp-block-image\">\n<figure class=\"aligncenter size-large\"><img loading=\"lazy\" decoding=\"async\" width=\"1024\" height=\"355\" src=\"https:\/\/samanta-hypnose.ch\/wp-content\/uploads\/2024\/06\/Samanta-Beck-1024x355.png\" alt=\"\" class=\"wp-image-851\" srcset=\"https:\/\/samanta-hypnose.ch\/wp-content\/uploads\/2024\/06\/Samanta-Beck-1024x355.png 1024w, https:\/\/samanta-hypnose.ch\/wp-content\/uploads\/2024\/06\/Samanta-Beck-300x104.png 300w, https:\/\/samanta-hypnose.ch\/wp-content\/uploads\/2024\/06\/Samanta-Beck-768x266.png 768w, https:\/\/samanta-hypnose.ch\/wp-content\/uploads\/2024\/06\/Samanta-Beck-900x312.png 900w, https:\/\/samanta-hypnose.ch\/wp-content\/uploads\/2024\/06\/Samanta-Beck.png 1280w\" sizes=\"auto, (max-width: 1024px) 100vw, 1024px\" \/><\/figure>\n<\/div>\n\n\n<h3 class=\"wp-block-heading\">La garantie d\u2019un praticien de qualit\u00e9<\/h3>\n\n\n\n<p>&nbsp;<strong>APH <\/strong>\u0153uvre dans la reconnaissance et la qualit\u00e9 des hypnoth\u00e9rapeutes de Suisse Romande.<\/p>\n\n\n\n<p>Sous le label&nbsp;<strong>APH<\/strong>, notre association r\u00e9unit des professionnels qui disposent de vastes comp\u00e9tences dans les domaines de la th\u00e9rapie et de l\u2019accompagnement.<\/p>\n\n\n\n<p>La pratique de l\u2019hypnose n\u00e9cessite de solides connaissances techniques, des habilet\u00e9s psychologiques, ainsi que des facult\u00e9s humaines sensibles. En outre, ces pr\u00e9cieuses qualit\u00e9s doivent \u00eatre soutenues par une conscience et une \u00e9thique irr\u00e9prochable.<\/p>\n\n\n\n<p>Nous garantissons que nos membres&nbsp;:<\/p>\n\n\n\n<ul class=\"wp-block-list\">\n<li>sont certifi\u00e9s en hypnose par des \u00e9coles renomm\u00e9es<\/li>\n\n\n\n<li>ont b\u00e9n\u00e9fici\u00e9 d\u2019une formation en pr\u00e9sentiel<\/li>\n\n\n\n<li>exercent l\u2019hypnose de mani\u00e8re professionnelle<\/li>\n\n\n\n<li>ont adh\u00e9r\u00e9 \u00e0 notre&nbsp;<a href=\"http:\/\/aph-hypnose.ch\/deontologie-et-statuts\/\" target=\"_blank\" rel=\"noreferrer noopener\">charte d\u00e9ontologique<\/a><\/li>\n<\/ul>\n\n\n\n<blockquote class=\"wp-block-quote is-layout-flow wp-block-quote-is-layout-flow\">\n<p><em><a href=\"http:\/\/aph-hypnose.ch\/members\/\" target=\"_blank\" rel=\"noreferrer noopener\">Choisissez un praticien ou une praticienne APH et vous serez en de bonnes mains&nbsp;!<\/a><\/em><\/p>\n<\/blockquote>\n","protected":false},"excerpt":{"rendered":"<p>Bienvenue sur le site Attrape R\u00eaves Cabinet d&lsquo;Hypnoth\u00e9rapie et de Nutrition. Membre Constituant de l&rsquo;Association des Praticiens en Hypnose (APH), reconnue comme label de qualit\u00e9 en Suisse Romande. Au moment d&rsquo;entreprendre une grande affaire, il faut s&rsquo;assurer un bon alli\u00e9.C&rsquo;est pourquoi il est important de conna\u00eetre son th\u00e9rapeute pour instaurer un climat de confiance. C&rsquo;est [&hellip;]<\/p>\n","protected":false},"author":1,"featured_media":0,"parent":0,"menu_order":0,"comment_status":"closed","ping_status":"closed","template":"","meta":{"footnotes":""},"class_list":["post-8","page","type-page","status-publish","hentry"],"_links":{"self":[{"href":"https:\/\/samanta-hypnose.ch\/index.php?rest_route=\/wp\/v2\/pages\/8","targetHints":{"allow":["GET"]}}],"collection":[{"href":"https:\/\/samanta-hypnose.ch\/index.php?rest_route=\/wp\/v2\/pages"}],"about":[{"href":"https:\/\/samanta-hypnose.ch\/index.php?rest_route=\/wp\/v2\/types\/page"}],"author":[{"embeddable":true,"href":"https:\/\/samanta-hypnose.ch\/index.php?rest_route=\/wp\/v2\/users\/1"}],"replies":[{"embeddable":true,"href":"https:\/\/samanta-hypnose.ch\/index.php?rest_route=%2Fwp%2Fv2%2Fcomments&post=8"}],"version-history":[{"count":61,"href":"https:\/\/samanta-hypnose.ch\/index.php?rest_route=\/wp\/v2\/pages\/8\/revisions"}],"predecessor-version":[{"id":983,"href":"https:\/\/samanta-hypnose.ch\/index.php?rest_route=\/wp\/v2\/pages\/8\/revisions\/983"}],"wp:attachment":[{"href":"https:\/\/samanta-hypnose.ch\/index.php?rest_route=%2Fwp%2Fv2%2Fmedia&parent=8"}],"curies":[{"name":"wp","href":"https:\/\/api.w.org\/{rel}","templated":true}]}}