{"id":50,"date":"2020-11-09T20:21:35","date_gmt":"2020-11-09T19:21:35","guid":{"rendered":"http:\/\/samanta-hypnose.ch\/?page_id=50"},"modified":"2024-10-17T16:37:24","modified_gmt":"2024-10-17T14:37:24","slug":"a-propos","status":"publish","type":"page","link":"https:\/\/samanta-hypnose.ch\/?page_id=50","title":{"rendered":"\u00c0 propos de la th\u00e9rapeute"},"content":{"rendered":"<div class=\"wp-block-image is-style-rounded\">\n<figure class=\"aligncenter size-large is-resized\"><img loading=\"lazy\" decoding=\"async\" width=\"1024\" height=\"1024\" src=\"https:\/\/samanta-hypnose.ch\/wp-content\/uploads\/2024\/06\/Profils-reseaux-sociaux-19-1024x1024.png\" alt=\"\" class=\"wp-image-853\" style=\"aspect-ratio:1;width:302px;height:auto\" srcset=\"https:\/\/samanta-hypnose.ch\/wp-content\/uploads\/2024\/06\/Profils-reseaux-sociaux-19-1024x1024.png 1024w, https:\/\/samanta-hypnose.ch\/wp-content\/uploads\/2024\/06\/Profils-reseaux-sociaux-19-300x300.png 300w, https:\/\/samanta-hypnose.ch\/wp-content\/uploads\/2024\/06\/Profils-reseaux-sociaux-19-150x150.png 150w, https:\/\/samanta-hypnose.ch\/wp-content\/uploads\/2024\/06\/Profils-reseaux-sociaux-19-768x768.png 768w, https:\/\/samanta-hypnose.ch\/wp-content\/uploads\/2024\/06\/Profils-reseaux-sociaux-19-1536x1536.png 1536w, https:\/\/samanta-hypnose.ch\/wp-content\/uploads\/2024\/06\/Profils-reseaux-sociaux-19-88x88.png 88w, https:\/\/samanta-hypnose.ch\/wp-content\/uploads\/2024\/06\/Profils-reseaux-sociaux-19-900x900.png 900w, https:\/\/samanta-hypnose.ch\/wp-content\/uploads\/2024\/06\/Profils-reseaux-sociaux-19-1280x1280.png 1280w, https:\/\/samanta-hypnose.ch\/wp-content\/uploads\/2024\/06\/Profils-reseaux-sociaux-19.png 2048w\" sizes=\"auto, (max-width: 1024px) 100vw, 1024px\" \/><\/figure>\n<\/div>\n\n\n<p>Je m&rsquo;appelle <strong>Samanta Beck<\/strong>. N\u00e9e en 1991 dans le Jura Bernois, Je suis titulaire de dipl\u00f4mes d\u2019<strong>hypnoth\u00e9rapeute<\/strong>, <strong>hypnose r\u00e9cr\u00e9ative<\/strong>, <strong>Nutritionniste<\/strong> et <strong>PSYCH-K \u00ae<\/strong>. J&rsquo;ai \u00e0 mon actif plus de 300 heures de cours th\u00e9oriques et pratiques.<\/p>\n\n\n\n<p>Depuis 2019, je propose des consultations d\u2019hypnose th\u00e9rapeutique que j&rsquo;allie avec l&rsquo;hypnose r\u00e9cr\u00e9ative dans mon cabinet.<\/p>\n\n\n\n<p>Afin d&rsquo;assurer un accompagnement de qualit\u00e9, je me forme continuellement pour acqu\u00e9rir de nouvelles m\u00e9thodes.<\/p>\n\n\n\n<p>Avec pour souhait de vous guider rapidement \u00e0 votre objectif d\u00e9sir\u00e9<br>Je vous offre la possibilit\u00e9 d\u2019enregistrer les s\u00e9ances d\u2019hypnoth\u00e9rapie que nous faisons ensemble pour les r\u00e9\u00e9couter chez vous, afin que vous puissiez ancrer et atteindre le but que vous vous \u00eates fix\u00e9 dans les meilleurs d\u00e9lais.<\/p>\n\n\n\n<p>Je suis bien plus qu&rsquo;une simple hypnoth\u00e9rapeute. Si vous cherchez des s\u00e9ances d&rsquo;hypnose standardis\u00e9es, je vous invite \u00e0 regarder ailleurs. Mon approche est radicalement diff\u00e9rente, car je ne me limite pas \u00e0 un protocole fig\u00e9. Je refuse de sacrifier la richesse de l&rsquo;hypnose en m&rsquo;enfermant dans une seule m\u00e9thode.<\/p>\n\n\n\n<p>J&rsquo;utilise toute une gamme d&rsquo;approches hypnotiques, qu&rsquo;elles soient th\u00e9rapeutiques ou r\u00e9cr\u00e9atives. Mon objectif est de fusionner ces diff\u00e9rentes m\u00e9thodes pour cr\u00e9er une exp\u00e9rience personnalis\u00e9e et puissante. Par exemple, en optant pour l&rsquo;hypnose r\u00e9cr\u00e9ative, je vous offre une exp\u00e9rience qui allie plaisir et transformation profonde. Cette approche ludique ajoute une dimension dynamique \u00e0 notre travail, tout en restant concentr\u00e9e sur la r\u00e9alisation de vos objectifs.<\/p>\n\n\n\n<p>Mon cabinet est un lieu de rupture, un espace o\u00f9 les r\u00e8gles sont bris\u00e9es pour laisser place \u00e0 une cr\u00e9ativit\u00e9 sans limites. Plut\u00f4t que de suivre un chemin pr\u00e9\u00e9tabli, je m&rsquo;adapte \u00e0 votre vision, \u00e0 vos besoins, \u00e0 vos aspirations. C&rsquo;est ainsi que je vous \u00e9coute v\u00e9ritablement, en vous guidant vers des r\u00e9sultats tangibles et rapides. Mon approche diff\u00e8re de celle de nombreux autres praticiens. Plut\u00f4t que de vendre des packs de s\u00e9ances standardis\u00e9es, je privil\u00e9gie une approche personnalis\u00e9e pour r\u00e9pondre \u00e0 vos besoins sp\u00e9cifiques. Souvent, une probl\u00e9matique peut \u00eatre r\u00e9solue en une seule s\u00e9ance, mais cela d\u00e9pend de chaque personne. Pour certains, une seule s\u00e9ance suffit, tandis que pour d&rsquo;autres, il en faudra plusieurs. Chaque individu est unique, et mon objectif n&rsquo;est pas de facturer des s\u00e9ances. Je veux vous aider \u00e0 atteindre vos objectifs rapidement, sans vous ruiner, en vous fournissant des outils que vous pourrez r\u00e9utiliser. Mon objectif n&rsquo;est pas de vous rendre d\u00e9pendant de moi, mais tout le contraire.<\/p>\n\n\n\n<p>Alors, si vous \u00eates pr\u00eat \u00e0 briser les sch\u00e9mas conventionnels et \u00e0 vous embarquer dans une exploration unique de l&rsquo;hypnose, je suis l\u00e0 pour vous guider. Je suis Samanta Beck, et je suis bien plus qu&rsquo;une th\u00e9rapeute <\/p>\n\n\n\n<p>Je suis une partenaire d\u00e9termin\u00e9e \u00e0 vous aider \u00e0 atteindre vos r\u00eaves en exploitant tout le potentiel de l&rsquo;hypnose<\/p>\n\n\n\n<p>C\u2019est avec grand plaisir, savoir et \u00e9coute, mais surtout avec une grande bienveillance que je vous aide \u00e0 atteindre vos objectifs le plus rapidement possible o\u00f9 simplement pour d\u00e9couvrir les bienfaits de l\u2019hypnose.<\/p>\n\n\n\n<p>Au plaisir de vous voir \u00e0 mon cabinet.<\/p>\n\n\n\n<p><strong><em>Samanta Beck <\/em><br><em>Attrape R\u00eaves, cabinet d&rsquo;hypnoth\u00e9rapie<\/em><\/strong><\/p>\n\n\n\n<figure class=\"wp-block-gallery has-nested-images columns-default is-cropped wp-block-gallery-1 is-layout-flex wp-block-gallery-is-layout-flex\"><div class=\"wp-block-image is-style-rounded\">\n<figure class=\"aligncenter size-large\"><img loading=\"lazy\" decoding=\"async\" width=\"1024\" height=\"1024\" data-id=\"861\" src=\"https:\/\/samanta-hypnose.ch\/wp-content\/uploads\/2024\/06\/Profils-reseaux-sociaux-24-1024x1024.png\" alt=\"\" class=\"wp-image-861\" srcset=\"https:\/\/samanta-hypnose.ch\/wp-content\/uploads\/2024\/06\/Profils-reseaux-sociaux-24-1024x1024.png 1024w, https:\/\/samanta-hypnose.ch\/wp-content\/uploads\/2024\/06\/Profils-reseaux-sociaux-24-300x300.png 300w, https:\/\/samanta-hypnose.ch\/wp-content\/uploads\/2024\/06\/Profils-reseaux-sociaux-24-150x150.png 150w, https:\/\/samanta-hypnose.ch\/wp-content\/uploads\/2024\/06\/Profils-reseaux-sociaux-24-768x768.png 768w, https:\/\/samanta-hypnose.ch\/wp-content\/uploads\/2024\/06\/Profils-reseaux-sociaux-24-1536x1536.png 1536w, https:\/\/samanta-hypnose.ch\/wp-content\/uploads\/2024\/06\/Profils-reseaux-sociaux-24-88x88.png 88w, https:\/\/samanta-hypnose.ch\/wp-content\/uploads\/2024\/06\/Profils-reseaux-sociaux-24-900x900.png 900w, https:\/\/samanta-hypnose.ch\/wp-content\/uploads\/2024\/06\/Profils-reseaux-sociaux-24-1280x1280.png 1280w, https:\/\/samanta-hypnose.ch\/wp-content\/uploads\/2024\/06\/Profils-reseaux-sociaux-24.png 2048w\" sizes=\"auto, (max-width: 1024px) 100vw, 1024px\" \/><\/figure>\n<\/div><\/figure>\n\n\n\n<p>Pour en savoir plus sur moi, vous pouvez me suivre sur les r\u00e9seaux sociaux et d\u00e9couvrir<a href=\"https:\/\/www.youtube.com\/watch?v=_jD-YoLj7WY&amp;ab_channel=Visup\"> l&rsquo;interview<\/a> que mon ami Yann Naine \u00e0 r\u00e9aliser avec moi. <br><br><strong>Interview : <\/strong><br><a href=\"https:\/\/www.youtube.com\/watch?v=_jD-YoLj7WY&amp;ab_channel=Visup\">https:\/\/www.youtube.com\/watch?v=_jD-YoLj7WY&amp;ab_channel=Visup<\/a><\/p>\n\n\n\n<figure class=\"wp-block-image size-large is-resized\"><img loading=\"lazy\" decoding=\"async\" width=\"1024\" height=\"355\" src=\"https:\/\/samanta-hypnose.ch\/wp-content\/uploads\/2024\/06\/Samanta-Beck-7-1024x355.png\" alt=\"\" class=\"wp-image-875\" style=\"width:825px;height:auto\" srcset=\"https:\/\/samanta-hypnose.ch\/wp-content\/uploads\/2024\/06\/Samanta-Beck-7-1024x355.png 1024w, https:\/\/samanta-hypnose.ch\/wp-content\/uploads\/2024\/06\/Samanta-Beck-7-300x104.png 300w, https:\/\/samanta-hypnose.ch\/wp-content\/uploads\/2024\/06\/Samanta-Beck-7-768x266.png 768w, https:\/\/samanta-hypnose.ch\/wp-content\/uploads\/2024\/06\/Samanta-Beck-7-900x312.png 900w, https:\/\/samanta-hypnose.ch\/wp-content\/uploads\/2024\/06\/Samanta-Beck-7.png 1280w\" sizes=\"auto, (max-width: 1024px) 100vw, 1024px\" \/><\/figure>\n\n\n\n<p class=\"has-large-font-size\"><\/p>\n\n\n\n<figure class=\"wp-block-gallery has-nested-images columns-default is-cropped wp-block-gallery-2 is-layout-flex wp-block-gallery-is-layout-flex\">\n<figure class=\"wp-block-image alignfull size-large is-style-default\"><img loading=\"lazy\" decoding=\"async\" width=\"768\" height=\"1024\" data-id=\"179\" src=\"https:\/\/samanta-hypnose.ch\/wp-content\/uploads\/2021\/01\/WhatsApp-Image-2021-01-30-at-18.12.33-768x1024.jpeg\" alt=\"\" class=\"wp-image-179\" srcset=\"https:\/\/samanta-hypnose.ch\/wp-content\/uploads\/2021\/01\/WhatsApp-Image-2021-01-30-at-18.12.33-768x1024.jpeg 768w, https:\/\/samanta-hypnose.ch\/wp-content\/uploads\/2021\/01\/WhatsApp-Image-2021-01-30-at-18.12.33-225x300.jpeg 225w, https:\/\/samanta-hypnose.ch\/wp-content\/uploads\/2021\/01\/WhatsApp-Image-2021-01-30-at-18.12.33-1152x1536.jpeg 1152w, https:\/\/samanta-hypnose.ch\/wp-content\/uploads\/2021\/01\/WhatsApp-Image-2021-01-30-at-18.12.33-900x1200.jpeg 900w, https:\/\/samanta-hypnose.ch\/wp-content\/uploads\/2021\/01\/WhatsApp-Image-2021-01-30-at-18.12.33-1280x1707.jpeg 1280w, https:\/\/samanta-hypnose.ch\/wp-content\/uploads\/2021\/01\/WhatsApp-Image-2021-01-30-at-18.12.33.jpeg 1368w\" sizes=\"auto, (max-width: 768px) 100vw, 768px\" \/><\/figure>\n<\/figure>\n\n\n\n<div class=\"wp-block-columns is-layout-flex wp-container-core-columns-is-layout-9d6595d7 wp-block-columns-is-layout-flex\">\n<div class=\"wp-block-column is-layout-flow wp-block-column-is-layout-flow\" style=\"flex-basis:100%\">\n<ul class=\"wp-block-list\">\n<li><strong>Dipl\u00f4me d&rsquo;hypnoth\u00e9rapeute d&rsquo;examen th\u00e9orique et pratique<\/strong> \u00e0 l&rsquo;issue de la formation de 200 heures en hypnose . Au centre Holo\u00efde Sa, Rue de la Jeunesse 2, 2800 Del\u00e9mont . Professeur Christophe Marquis. Le 22 septembre 2020.<\/li>\n\n\n\n<li><strong>Attestation au programme de formation de base en hypnose r\u00e9cr\u00e9ative<\/strong> \u00e0 la pleine et enti\u00e8re satisfaction de Romandie Hypnose. Par Luca Sessa et Didier Mattey-Doret. Boudry le 4 octobre 2020.<\/li>\n\n\n\n<li><strong>Attestation Hypnoth\u00e9rapie Techniques avanc\u00e9es 1<\/strong>, pratique et th\u00e9orique \u00e0 l&rsquo;issue de la participation du 23 et 24 octobre 2021 aux 16 heures de cours au centre Evolution S\u00e0rl, Place de la Gare, 2800 Del\u00e9mont. Par Christophe Marquis Directeur et Formateur. <\/li>\n<\/ul>\n<\/div>\n<\/div>\n\n\n<div class=\"wp-block-image is-resized\">\n<figure class=\"aligncenter size-large\"><img loading=\"lazy\" decoding=\"async\" width=\"804\" height=\"1024\" src=\"http:\/\/samanta-hypnose.ch\/wp-content\/uploads\/2021\/10\/IMG_20211024_190439_edit_257874866420545-804x1024.jpg\" alt=\"\" class=\"wp-image-333\" srcset=\"https:\/\/samanta-hypnose.ch\/wp-content\/uploads\/2021\/10\/IMG_20211024_190439_edit_257874866420545-804x1024.jpg 804w, https:\/\/samanta-hypnose.ch\/wp-content\/uploads\/2021\/10\/IMG_20211024_190439_edit_257874866420545-236x300.jpg 236w, https:\/\/samanta-hypnose.ch\/wp-content\/uploads\/2021\/10\/IMG_20211024_190439_edit_257874866420545-768x978.jpg 768w, https:\/\/samanta-hypnose.ch\/wp-content\/uploads\/2021\/10\/IMG_20211024_190439_edit_257874866420545-1206x1536.jpg 1206w, https:\/\/samanta-hypnose.ch\/wp-content\/uploads\/2021\/10\/IMG_20211024_190439_edit_257874866420545-1608x2048.jpg 1608w, https:\/\/samanta-hypnose.ch\/wp-content\/uploads\/2021\/10\/IMG_20211024_190439_edit_257874866420545-900x1146.jpg 900w, https:\/\/samanta-hypnose.ch\/wp-content\/uploads\/2021\/10\/IMG_20211024_190439_edit_257874866420545-1280x1630.jpg 1280w, https:\/\/samanta-hypnose.ch\/wp-content\/uploads\/2021\/10\/IMG_20211024_190439_edit_257874866420545-scaled.jpg 2010w\" sizes=\"auto, (max-width: 804px) 100vw, 804px\" \/><\/figure>\n<\/div>\n\n\n<ul class=\"wp-block-list\">\n<li><strong>Affirmation de pr\u00e9sence comme Facilitatrice PSYCH-K\u00ae<\/strong> pratique et th\u00e9orique \u00e0 l&rsquo;issue de la participation du 19 et 21 mars 2022 \u00e0 Saignel\u00e9gier, Suisse. Par<strong> Martine Tondeur<\/strong>, Certified PSYCH-K\u00ae Instructor. Www.myceleste.eu. Organisatrice de l&rsquo;\u00e9v\u00e9nement <strong>Emma Mazzili<\/strong>, Hypnoth\u00e9rapeute dipl\u00f4m\u00e9e, Facilitatrice PSYCH-K\u00ae Sant\u00e9 Optimale et Bien-\u00catre, Guidance d&rsquo;\u00e2me et Experte pour les examens pratiques d&rsquo;hypnose.<\/li>\n<\/ul>\n\n\n<div class=\"wp-block-image is-resized\">\n<figure class=\"aligncenter size-large\"><img loading=\"lazy\" decoding=\"async\" width=\"768\" height=\"1024\" src=\"http:\/\/samanta-hypnose.ch\/wp-content\/uploads\/2022\/03\/IMG_20220321_183916_edit_6534526244544562167-768x1024.jpg\" alt=\"\" class=\"wp-image-403\" srcset=\"https:\/\/samanta-hypnose.ch\/wp-content\/uploads\/2022\/03\/IMG_20220321_183916_edit_6534526244544562167-768x1024.jpg 768w, https:\/\/samanta-hypnose.ch\/wp-content\/uploads\/2022\/03\/IMG_20220321_183916_edit_6534526244544562167-225x300.jpg 225w, https:\/\/samanta-hypnose.ch\/wp-content\/uploads\/2022\/03\/IMG_20220321_183916_edit_6534526244544562167-1152x1536.jpg 1152w, https:\/\/samanta-hypnose.ch\/wp-content\/uploads\/2022\/03\/IMG_20220321_183916_edit_6534526244544562167-1536x2048.jpg 1536w, https:\/\/samanta-hypnose.ch\/wp-content\/uploads\/2022\/03\/IMG_20220321_183916_edit_6534526244544562167-900x1200.jpg 900w, https:\/\/samanta-hypnose.ch\/wp-content\/uploads\/2022\/03\/IMG_20220321_183916_edit_6534526244544562167-1280x1707.jpg 1280w, https:\/\/samanta-hypnose.ch\/wp-content\/uploads\/2022\/03\/IMG_20220321_183916_edit_6534526244544562167-scaled.jpg 1920w\" sizes=\"auto, (max-width: 768px) 100vw, 768px\" \/><\/figure>\n<\/div>\n\n\n<ul class=\"wp-block-list\">\n<li><strong>Attestation au programme de formation en hypnose Th\u00e9rapeutique<\/strong>, 7 jours de pratique et th\u00e9orique.  la pleine et enti\u00e8re satisfaction de Romandie Hypnose. Par <strong>Luca Sessa<\/strong> et <strong>Didier Mattey-Doret<\/strong>. Boudry le 22.10.2022.<\/li>\n<\/ul>\n\n\n\n<figure class=\"wp-block-image size-large\"><img loading=\"lazy\" decoding=\"async\" width=\"1024\" height=\"716\" src=\"https:\/\/samanta-hypnose.ch\/wp-content\/uploads\/2024\/01\/20240123_100653-1024x716.jpg\" alt=\"\" class=\"wp-image-812\" srcset=\"https:\/\/samanta-hypnose.ch\/wp-content\/uploads\/2024\/01\/20240123_100653-1024x716.jpg 1024w, https:\/\/samanta-hypnose.ch\/wp-content\/uploads\/2024\/01\/20240123_100653-300x210.jpg 300w, https:\/\/samanta-hypnose.ch\/wp-content\/uploads\/2024\/01\/20240123_100653-768x537.jpg 768w, https:\/\/samanta-hypnose.ch\/wp-content\/uploads\/2024\/01\/20240123_100653-1536x1074.jpg 1536w, https:\/\/samanta-hypnose.ch\/wp-content\/uploads\/2024\/01\/20240123_100653-2048x1433.jpg 2048w, https:\/\/samanta-hypnose.ch\/wp-content\/uploads\/2024\/01\/20240123_100653-900x630.jpg 900w, https:\/\/samanta-hypnose.ch\/wp-content\/uploads\/2024\/01\/20240123_100653-1280x895.jpg 1280w\" sizes=\"auto, (max-width: 1024px) 100vw, 1024px\" \/><\/figure>\n\n\n\n<p><strong>Dipl\u00f4me Nutrition<\/strong> le 1 juillet 2024 , 200 heures th\u00e9orique avec examen final. Directeur Manuel Fux.<\/p>\n\n\n\n<figure class=\"wp-block-image size-large\"><img loading=\"lazy\" decoding=\"async\" width=\"765\" height=\"1024\" src=\"https:\/\/samanta-hypnose.ch\/wp-content\/uploads\/2024\/10\/WhatsApp-Image-2024-10-17-a-16.34.12_ff263871-765x1024.jpg\" alt=\"\" class=\"wp-image-946\" srcset=\"https:\/\/samanta-hypnose.ch\/wp-content\/uploads\/2024\/10\/WhatsApp-Image-2024-10-17-a-16.34.12_ff263871-765x1024.jpg 765w, https:\/\/samanta-hypnose.ch\/wp-content\/uploads\/2024\/10\/WhatsApp-Image-2024-10-17-a-16.34.12_ff263871-224x300.jpg 224w, https:\/\/samanta-hypnose.ch\/wp-content\/uploads\/2024\/10\/WhatsApp-Image-2024-10-17-a-16.34.12_ff263871-768x1027.jpg 768w, https:\/\/samanta-hypnose.ch\/wp-content\/uploads\/2024\/10\/WhatsApp-Image-2024-10-17-a-16.34.12_ff263871-1148x1536.jpg 1148w, https:\/\/samanta-hypnose.ch\/wp-content\/uploads\/2024\/10\/WhatsApp-Image-2024-10-17-a-16.34.12_ff263871-900x1204.jpg 900w, https:\/\/samanta-hypnose.ch\/wp-content\/uploads\/2024\/10\/WhatsApp-Image-2024-10-17-a-16.34.12_ff263871-1280x1712.jpg 1280w, https:\/\/samanta-hypnose.ch\/wp-content\/uploads\/2024\/10\/WhatsApp-Image-2024-10-17-a-16.34.12_ff263871.jpg 1495w\" sizes=\"auto, (max-width: 765px) 100vw, 765px\" \/><\/figure>\n\n\n\n<p>***********************************************************************<\/p>\n\n\n\n<p class=\"has-large-font-size\">Voici l&rsquo;article du journal de la semaine<\/p>\n\n\n\n<figure class=\"wp-block-image size-large\"><img loading=\"lazy\" decoding=\"async\" width=\"1024\" height=\"844\" src=\"https:\/\/samanta-hypnose.ch\/wp-content\/uploads\/2024\/01\/20240123_100709-1024x844.jpg\" alt=\"\" class=\"wp-image-816\" srcset=\"https:\/\/samanta-hypnose.ch\/wp-content\/uploads\/2024\/01\/20240123_100709-1024x844.jpg 1024w, https:\/\/samanta-hypnose.ch\/wp-content\/uploads\/2024\/01\/20240123_100709-300x247.jpg 300w, https:\/\/samanta-hypnose.ch\/wp-content\/uploads\/2024\/01\/20240123_100709-768x633.jpg 768w, https:\/\/samanta-hypnose.ch\/wp-content\/uploads\/2024\/01\/20240123_100709-1536x1267.jpg 1536w, https:\/\/samanta-hypnose.ch\/wp-content\/uploads\/2024\/01\/20240123_100709-2048x1689.jpg 2048w, https:\/\/samanta-hypnose.ch\/wp-content\/uploads\/2024\/01\/20240123_100709-900x742.jpg 900w, https:\/\/samanta-hypnose.ch\/wp-content\/uploads\/2024\/01\/20240123_100709-1280x1055.jpg 1280w\" sizes=\"auto, (max-width: 1024px) 100vw, 1024px\" \/><\/figure>\n","protected":false},"excerpt":{"rendered":"<p>Je m&rsquo;appelle Samanta Beck. N\u00e9e en 1991 dans le Jura Bernois, Je suis titulaire de dipl\u00f4mes d\u2019hypnoth\u00e9rapeute, hypnose r\u00e9cr\u00e9ative, Nutritionniste et PSYCH-K \u00ae. J&rsquo;ai \u00e0 mon actif plus de 300 heures de cours th\u00e9oriques et pratiques. Depuis 2019, je propose des consultations d\u2019hypnose th\u00e9rapeutique que j&rsquo;allie avec l&rsquo;hypnose r\u00e9cr\u00e9ative dans mon cabinet. Afin d&rsquo;assurer un [&hellip;]<\/p>\n","protected":false},"author":1,"featured_media":0,"parent":0,"menu_order":0,"comment_status":"closed","ping_status":"closed","template":"","meta":{"footnotes":""},"class_list":["post-50","page","type-page","status-publish","hentry"],"_links":{"self":[{"href":"https:\/\/samanta-hypnose.ch\/index.php?rest_route=\/wp\/v2\/pages\/50","targetHints":{"allow":["GET"]}}],"collection":[{"href":"https:\/\/samanta-hypnose.ch\/index.php?rest_route=\/wp\/v2\/pages"}],"about":[{"href":"https:\/\/samanta-hypnose.ch\/index.php?rest_route=\/wp\/v2\/types\/page"}],"author":[{"embeddable":true,"href":"https:\/\/samanta-hypnose.ch\/index.php?rest_route=\/wp\/v2\/users\/1"}],"replies":[{"embeddable":true,"href":"https:\/\/samanta-hypnose.ch\/index.php?rest_route=%2Fwp%2Fv2%2Fcomments&post=50"}],"version-history":[{"count":52,"href":"https:\/\/samanta-hypnose.ch\/index.php?rest_route=\/wp\/v2\/pages\/50\/revisions"}],"predecessor-version":[{"id":947,"href":"https:\/\/samanta-hypnose.ch\/index.php?rest_route=\/wp\/v2\/pages\/50\/revisions\/947"}],"wp:attachment":[{"href":"https:\/\/samanta-hypnose.ch\/index.php?rest_route=%2Fwp%2Fv2%2Fmedia&parent=50"}],"curies":[{"name":"wp","href":"https:\/\/api.w.org\/{rel}","templated":true}]}}