{"id":27,"date":"2020-09-11T14:45:22","date_gmt":"2020-09-11T12:45:22","guid":{"rendered":"http:\/\/samanta-hypnose.ch\/?page_id=27"},"modified":"2025-11-12T15:37:49","modified_gmt":"2025-11-12T14:37:49","slug":"prendre-rendez-vous","status":"publish","type":"page","link":"https:\/\/samanta-hypnose.ch\/?page_id=27","title":{"rendered":"Prendre Rendez-vous"},"content":{"rendered":"<div class=\"wp-block-image\">\n<figure class=\"aligncenter size-full is-resized\"><img loading=\"lazy\" decoding=\"async\" width=\"1280\" height=\"444\" src=\"https:\/\/samanta-hypnose.ch\/wp-content\/uploads\/2024\/06\/Samanta-Beck-11.png\" alt=\"\" class=\"wp-image-894\" style=\"width:1076px;height:auto\" srcset=\"https:\/\/samanta-hypnose.ch\/wp-content\/uploads\/2024\/06\/Samanta-Beck-11.png 1280w, https:\/\/samanta-hypnose.ch\/wp-content\/uploads\/2024\/06\/Samanta-Beck-11-300x104.png 300w, https:\/\/samanta-hypnose.ch\/wp-content\/uploads\/2024\/06\/Samanta-Beck-11-1024x355.png 1024w, https:\/\/samanta-hypnose.ch\/wp-content\/uploads\/2024\/06\/Samanta-Beck-11-768x266.png 768w, https:\/\/samanta-hypnose.ch\/wp-content\/uploads\/2024\/06\/Samanta-Beck-11-900x312.png 900w\" sizes=\"auto, (max-width: 1280px) 100vw, 1280px\" \/><\/figure>\n<\/div>\n\n\n<p class=\"has-large-font-size\"><strong>T\u00e9l\u00e9phone :<\/strong> 076 307 00 30<\/p>\n\n\n\n<p class=\"has-normal-font-size\"><strong>Mail: <\/strong> samanta.beck@hotmail.com<\/p>\n\n\n\n<p class=\"has-normal-font-size\"><strong>Adresse du cabinet :<\/strong> Au Village 21\/ 2743 Eschert<\/p>\n\n\n\n<figure class=\"wp-block-image size-large\"><img loading=\"lazy\" decoding=\"async\" width=\"1024\" height=\"576\" src=\"https:\/\/samanta-hypnose.ch\/wp-content\/uploads\/2025\/11\/email-signature-attrape-reves-2024-Site-Web-4-1024x576.png\" alt=\"\" class=\"wp-image-998\" srcset=\"https:\/\/samanta-hypnose.ch\/wp-content\/uploads\/2025\/11\/email-signature-attrape-reves-2024-Site-Web-4-1024x576.png 1024w, https:\/\/samanta-hypnose.ch\/wp-content\/uploads\/2025\/11\/email-signature-attrape-reves-2024-Site-Web-4-300x169.png 300w, https:\/\/samanta-hypnose.ch\/wp-content\/uploads\/2025\/11\/email-signature-attrape-reves-2024-Site-Web-4-768x432.png 768w, https:\/\/samanta-hypnose.ch\/wp-content\/uploads\/2025\/11\/email-signature-attrape-reves-2024-Site-Web-4-900x506.png 900w, https:\/\/samanta-hypnose.ch\/wp-content\/uploads\/2025\/11\/email-signature-attrape-reves-2024-Site-Web-4-1280x720.png 1280w, https:\/\/samanta-hypnose.ch\/wp-content\/uploads\/2025\/11\/email-signature-attrape-reves-2024-Site-Web-4.png 1366w\" sizes=\"auto, (max-width: 1024px) 100vw, 1024px\" \/><\/figure>\n\n\n\n<p>\u27a1\ufe0f<a href=\"https:\/\/samanta-hypnose.ch\/?page_id=906\" data-type=\"page\" data-id=\"906\"><strong>Pour prendre rendez-vous \u00e0 mon cabinet \u00e0 Eschert. Cliquez ici.<\/strong><\/a><\/p>\n\n\n\n<p>\ud83d\udd14 <strong>Information sonnette:<\/strong><br>Merci de bien vouloir <strong>sonner \u00e0 la sonnette ext\u00e9rieure avec le logo du cabinet<\/strong>, situ\u00e9e <strong>\u00e0 c\u00f4t\u00e9 des bo\u00eetes aux lettres<\/strong>.<\/p>\n\n\n\n<p class=\"has-normal-font-size\">\ud83d\udd70\ufe0f<strong>Attention:<\/strong> Merci de vous pr\u00e9senter \u00e0 l&rsquo;heure exacte de votre rendez-vous. Si vous arrivez en avance, il est possible que je sois encore en s\u00e9ance et que vous deviez patienter \u00e0 l&rsquo;ext\u00e9rieur, car je ne dispose pas de salle d&rsquo;attente.En cas de retard de votre part, la s\u00e9ance d\u00e9butera \u00e0 l&rsquo;heure pr\u00e9vue afin de respecter les rendez-vous suivants.<\/p>\n\n\n\n<p>***********************************************************************<\/p>\n\n\n\n<p class=\"has-large-font-size\">\ud83c\udd7f\ufe0fInfos pratiques sur le parking:<\/p>\n\n\n\n<p class=\"has-normal-font-size\">Vous avez la possibilit\u00e9 de vous garer sur la place de stationnement situ\u00e9e sur le c\u00f4t\u00e9 droit de la maison, l\u00e0 o\u00f9 se trouve mon cabinet.  (voir photo ci-dessous).<\/p>\n\n\n\n<p>M\u00eame si des panneaux <em>\u00ab interdit de stationner \u00bb<\/em> sont affich\u00e9s, vous pouvez tout de m\u00eame utiliser ces places : elles sont r\u00e9serv\u00e9es aux r\u00e9sidents ainsi qu\u2019aux visiteurs, dont mes clients.<\/p>\n\n\n\n<p class=\"has-normal-font-size\"> Si toutefois aucune place n\u2019\u00e9tait disponible, vous avez aussi la possibilit\u00e9 de vous stationner un peu plus haut, \u00e0 droite de la route, en face de la commune. Il s\u2019agit des places communales, et il est tout \u00e0 fait possible d\u2019y laisser votre v\u00e9hicule.<\/p>\n\n\n<div class=\"wp-block-image\">\n<figure class=\"aligncenter size-large is-resized\"><img loading=\"lazy\" decoding=\"async\" width=\"819\" height=\"1024\" src=\"https:\/\/samanta-hypnose.ch\/wp-content\/uploads\/2024\/09\/Attrape-Reves-Posts-simples-819x1024.png\" alt=\"\" class=\"wp-image-939\" style=\"width:411px;height:auto\" srcset=\"https:\/\/samanta-hypnose.ch\/wp-content\/uploads\/2024\/09\/Attrape-Reves-Posts-simples-819x1024.png 819w, https:\/\/samanta-hypnose.ch\/wp-content\/uploads\/2024\/09\/Attrape-Reves-Posts-simples-240x300.png 240w, https:\/\/samanta-hypnose.ch\/wp-content\/uploads\/2024\/09\/Attrape-Reves-Posts-simples-768x960.png 768w, https:\/\/samanta-hypnose.ch\/wp-content\/uploads\/2024\/09\/Attrape-Reves-Posts-simples-900x1125.png 900w, https:\/\/samanta-hypnose.ch\/wp-content\/uploads\/2024\/09\/Attrape-Reves-Posts-simples.png 1080w\" sizes=\"auto, (max-width: 819px) 100vw, 819px\" \/><\/figure>\n<\/div>\n\n<div class=\"wp-block-image is-style-default\">\n<figure class=\"aligncenter size-medium is-resized\"><img loading=\"lazy\" decoding=\"async\" width=\"300\" height=\"300\" src=\"http:\/\/samanta-hypnose.ch\/wp-content\/uploads\/2023\/04\/Poste-simple-Instagram--300x300.png\" alt=\"\" class=\"wp-image-610\" style=\"width:300px;height:auto\" srcset=\"https:\/\/samanta-hypnose.ch\/wp-content\/uploads\/2023\/04\/Poste-simple-Instagram--300x300.png 300w, https:\/\/samanta-hypnose.ch\/wp-content\/uploads\/2023\/04\/Poste-simple-Instagram--1024x1024.png 1024w, https:\/\/samanta-hypnose.ch\/wp-content\/uploads\/2023\/04\/Poste-simple-Instagram--150x150.png 150w, https:\/\/samanta-hypnose.ch\/wp-content\/uploads\/2023\/04\/Poste-simple-Instagram--768x768.png 768w, https:\/\/samanta-hypnose.ch\/wp-content\/uploads\/2023\/04\/Poste-simple-Instagram--88x88.png 88w, https:\/\/samanta-hypnose.ch\/wp-content\/uploads\/2023\/04\/Poste-simple-Instagram--900x900.png 900w, https:\/\/samanta-hypnose.ch\/wp-content\/uploads\/2023\/04\/Poste-simple-Instagram-.png 1080w\" sizes=\"auto, (max-width: 300px) 100vw, 300px\" \/><\/figure>\n<\/div>\n\n\n<p>\u2139\ufe0f<strong>INFORMATIONS:<\/strong> Je suis disponible par t\u00e9l\u00e9phone uniquement pendant les heures de bureau. Les r\u00e9ponses aux e-mails, aux SMS et aux messages sur les r\u00e9seaux sociaux seront \u00e9galement fournies pendant les heures d&rsquo;ouverture.<\/p>\n\n\n\n<p>***********************************************************************<\/p>\n\n\n\n<p class=\"has-large-font-size\"><strong>Suis-moi sur les r\u00e9seaux <\/strong>!<\/p>\n\n\n<div class=\"wp-block-image\">\n<figure class=\"aligncenter size-medium\"><img loading=\"lazy\" decoding=\"async\" width=\"261\" height=\"300\" src=\"http:\/\/samanta-hypnose.ch\/wp-content\/uploads\/2023\/04\/telechargement-1-261x300.png\" alt=\"\" class=\"wp-image-599\" srcset=\"https:\/\/samanta-hypnose.ch\/wp-content\/uploads\/2023\/04\/telechargement-1-261x300.png 261w, https:\/\/samanta-hypnose.ch\/wp-content\/uploads\/2023\/04\/telechargement-1.png 470w\" sizes=\"auto, (max-width: 261px) 100vw, 261px\" \/><\/figure>\n<\/div>\n\n\n<p><strong>Instagram :<\/strong><br><a href=\"https:\/\/www.instagram.com\/samanta.beck.hypnotherapeute\/\">https:\/\/www.instagram.com\/samanta.beck.hypnotherapeute\/<\/a><\/p>\n\n\n\n<p><strong>Facebook :<\/strong><br><a href=\"https:\/\/cutt.ly\/Vktx20r\">https:\/\/cutt.ly\/Vktx20r<\/a><\/p>\n\n\n\n<p><strong>Google : <\/strong><br><a href=\"https:\/\/g.co\/kgs\/oRKGU2\">https:\/\/g.co\/kgs\/oRKGU2<\/a><\/p>\n\n\n\n<p><\/p>\n","protected":false},"excerpt":{"rendered":"<p>T\u00e9l\u00e9phone : 076 307 00 30 Mail: samanta.beck@hotmail.com Adresse du cabinet : Au Village 21\/ 2743 Eschert \u27a1\ufe0fPour prendre rendez-vous \u00e0 mon cabinet \u00e0 Eschert. Cliquez ici. \ud83d\udd14 Information sonnette:Merci de bien vouloir sonner \u00e0 la sonnette ext\u00e9rieure avec le logo du cabinet, situ\u00e9e \u00e0 c\u00f4t\u00e9 des bo\u00eetes aux lettres. \ud83d\udd70\ufe0fAttention: Merci de vous pr\u00e9senter [&hellip;]<\/p>\n","protected":false},"author":1,"featured_media":0,"parent":0,"menu_order":0,"comment_status":"closed","ping_status":"closed","template":"","meta":{"footnotes":""},"class_list":["post-27","page","type-page","status-publish","hentry"],"_links":{"self":[{"href":"https:\/\/samanta-hypnose.ch\/index.php?rest_route=\/wp\/v2\/pages\/27","targetHints":{"allow":["GET"]}}],"collection":[{"href":"https:\/\/samanta-hypnose.ch\/index.php?rest_route=\/wp\/v2\/pages"}],"about":[{"href":"https:\/\/samanta-hypnose.ch\/index.php?rest_route=\/wp\/v2\/types\/page"}],"author":[{"embeddable":true,"href":"https:\/\/samanta-hypnose.ch\/index.php?rest_route=\/wp\/v2\/users\/1"}],"replies":[{"embeddable":true,"href":"https:\/\/samanta-hypnose.ch\/index.php?rest_route=%2Fwp%2Fv2%2Fcomments&post=27"}],"version-history":[{"count":72,"href":"https:\/\/samanta-hypnose.ch\/index.php?rest_route=\/wp\/v2\/pages\/27\/revisions"}],"predecessor-version":[{"id":1007,"href":"https:\/\/samanta-hypnose.ch\/index.php?rest_route=\/wp\/v2\/pages\/27\/revisions\/1007"}],"wp:attachment":[{"href":"https:\/\/samanta-hypnose.ch\/index.php?rest_route=%2Fwp%2Fv2%2Fmedia&parent=27"}],"curies":[{"name":"wp","href":"https:\/\/api.w.org\/{rel}","templated":true}]}}